{"id":116,"date":"2024-10-02T21:22:51","date_gmt":"2024-10-02T19:22:51","guid":{"rendered":"https:\/\/psycho-therapy.co\/?page_id=116"},"modified":"2024-10-05T15:01:45","modified_gmt":"2024-10-05T13:01:45","slug":"moja-praktyka-2","status":"publish","type":"page","link":"https:\/\/psycho-therapy.co\/index.php\/pl\/moja-praktyka-2\/","title":{"rendered":"Moja praktyka"},"content":{"rendered":"\n<div class=\"wp-block-columns is-layout-flex wp-container-core-columns-is-layout-1 wp-block-columns-is-layout-flex\">\n<div class=\"wp-block-column is-layout-flow wp-block-column-is-layout-flow\" style=\"flex-basis:66.66%\">\n<p>Prowadz\u0119 psychoterapi\u0119 dla os\u00f3b doros\u0142ych, starszych, dzieci i m\u0142odzie\u017cy w j\u0119zyku polskim i angielskim.<\/p>\n\n\n\n<p><img loading=\"lazy\" decoding=\"async\" width=\"24\" height=\"24\" class=\"wp-image-108\" style=\"width: 24px;\" src=\"https:\/\/psycho-therapy.co\/wp-content\/uploads\/2024\/10\/UK-from-Moja-Praktyka.png\" alt=\"\">   <img loading=\"lazy\" decoding=\"async\" width=\"24\" height=\"24\" class=\"wp-image-109\" style=\"width: 24px;\" src=\"https:\/\/psycho-therapy.co\/wp-content\/uploads\/2024\/10\/Moja-praktyka-logo.png\" alt=\"\"><\/p>\n\n\n\n<p><strong>Pracuj\u0119 z klientami, kt\u00f3rzy do\u015bwiadczaj\u0105:<\/strong><\/p>\n\n\n\n<ul class=\"wp-block-list\">\n<li>Depresji<\/li>\n\n\n\n<li>L\u0119ku<\/li>\n\n\n\n<li>Problem\u00f3w w zwi\u0105zkach<\/li>\n\n\n\n<li>Problem\u00f3w emocjonalnych<\/li>\n\n\n\n<li>Straty kogo\u015b bliskiego lub zwierz\u0119cia<\/li>\n\n\n\n<li>Rozwodu<\/li>\n\n\n\n<li>Stresu<\/li>\n\n\n\n<li>\u017ba\u0142oby<\/li>\n\n\n\n<li>Uzale\u017cnienia od alkoholu lub narkotyk\u00f3w<\/li>\n\n\n\n<li>Zaburze\u0144 obsesyjno-kompulsywnych (OCD)<\/li>\n\n\n\n<li>Choroby afektywnej dwubiegunowej<\/li>\n\n\n\n<li>Zaburze\u0144 od\u017cywiania<\/li>\n\n\n\n<li>Problem\u00f3w identyfikacji z p\u0142ci\u0105<\/li>\n\n\n\n<li>Problem\u00f3w z orientacj\u0105 seksualn\u0105<\/li>\n\n\n\n<li>Przyt\u0142aczaj\u0105cego poczucia winy, beznadziejno\u015bci, frustracji i rozpaczy<\/li>\n<\/ul>\n<\/div>\n\n\n\n<div class=\"wp-block-column is-layout-flow wp-block-column-is-layout-flow\" style=\"flex-basis:33.33%\">\n<figure class=\"wp-block-gallery has-nested-images columns-1 is-cropped wp-block-gallery-1 is-layout-flex wp-block-gallery-is-layout-flex\">\n<figure class=\"wp-block-image size-medium\"><img loading=\"lazy\" decoding=\"async\" width=\"300\" height=\"200\" src=\"https:\/\/psycho-therapy.co\/wp-content\/uploads\/2024\/10\/Office-4-300x200.jpg\" alt=\"\" class=\"wp-image-113\" srcset=\"https:\/\/psycho-therapy.co\/wp-content\/uploads\/2024\/10\/Office-4-300x200.jpg 300w, https:\/\/psycho-therapy.co\/wp-content\/uploads\/2024\/10\/Office-4-768x512.jpg 768w, https:\/\/psycho-therapy.co\/wp-content\/uploads\/2024\/10\/Office-4-120x80.jpg 120w, https:\/\/psycho-therapy.co\/wp-content\/uploads\/2024\/10\/Office-4.jpg 1000w\" sizes=\"(max-width: 300px) 100vw, 300px\" \/><\/figure>\n\n\n\n<figure class=\"wp-block-image size-medium\"><img loading=\"lazy\" decoding=\"async\" width=\"300\" height=\"200\" src=\"https:\/\/psycho-therapy.co\/wp-content\/uploads\/2024\/10\/Office-3-300x200.jpg\" alt=\"\" class=\"wp-image-112\" srcset=\"https:\/\/psycho-therapy.co\/wp-content\/uploads\/2024\/10\/Office-3-300x200.jpg 300w, https:\/\/psycho-therapy.co\/wp-content\/uploads\/2024\/10\/Office-3-768x512.jpg 768w, https:\/\/psycho-therapy.co\/wp-content\/uploads\/2024\/10\/Office-3-120x80.jpg 120w, https:\/\/psycho-therapy.co\/wp-content\/uploads\/2024\/10\/Office-3.jpg 1000w\" sizes=\"(max-width: 300px) 100vw, 300px\" \/><\/figure>\n\n\n\n<figure class=\"wp-block-image size-medium\"><img loading=\"lazy\" decoding=\"async\" width=\"300\" height=\"200\" src=\"https:\/\/psycho-therapy.co\/wp-content\/uploads\/2024\/10\/Office-1-300x200.jpg\" alt=\"\" class=\"wp-image-110\" srcset=\"https:\/\/psycho-therapy.co\/wp-content\/uploads\/2024\/10\/Office-1-300x200.jpg 300w, https:\/\/psycho-therapy.co\/wp-content\/uploads\/2024\/10\/Office-1-768x512.jpg 768w, https:\/\/psycho-therapy.co\/wp-content\/uploads\/2024\/10\/Office-1-120x80.jpg 120w, https:\/\/psycho-therapy.co\/wp-content\/uploads\/2024\/10\/Office-1.jpg 1000w\" sizes=\"(max-width: 300px) 100vw, 300px\" \/><\/figure>\n\n\n\n<figure class=\"wp-block-image size-medium\"><img loading=\"lazy\" decoding=\"async\" width=\"300\" height=\"200\" src=\"https:\/\/psycho-therapy.co\/wp-content\/uploads\/2024\/10\/Office-2-300x200.jpg\" alt=\"\" class=\"wp-image-111\" srcset=\"https:\/\/psycho-therapy.co\/wp-content\/uploads\/2024\/10\/Office-2-300x200.jpg 300w, https:\/\/psycho-therapy.co\/wp-content\/uploads\/2024\/10\/Office-2-768x512.jpg 768w, https:\/\/psycho-therapy.co\/wp-content\/uploads\/2024\/10\/Office-2-120x80.jpg 120w, https:\/\/psycho-therapy.co\/wp-content\/uploads\/2024\/10\/Office-2.jpg 1000w\" sizes=\"(max-width: 300px) 100vw, 300px\" \/><\/figure>\n<\/figure>\n<\/div>\n<\/div>\n","protected":false},"excerpt":{"rendered":"<p>Prowadz\u0119 psychoterapi\u0119 dla os\u00f3b doros\u0142ych, starszych, dzieci i m\u0142odzie\u017cy w j\u0119zyku polskim i angielskim. Pracuj\u0119 z klientami, kt\u00f3rzy do\u015bwiadczaj\u0105:<\/p>\n","protected":false},"author":1,"featured_media":0,"parent":0,"menu_order":0,"comment_status":"closed","ping_status":"closed","template":"template-full-width.php","meta":{"footnotes":""},"class_list":["post-116","page","type-page","status-publish","hentry"],"_links":{"self":[{"href":"https:\/\/psycho-therapy.co\/index.php\/wp-json\/wp\/v2\/pages\/116"}],"collection":[{"href":"https:\/\/psycho-therapy.co\/index.php\/wp-json\/wp\/v2\/pages"}],"about":[{"href":"https:\/\/psycho-therapy.co\/index.php\/wp-json\/wp\/v2\/types\/page"}],"author":[{"embeddable":true,"href":"https:\/\/psycho-therapy.co\/index.php\/wp-json\/wp\/v2\/users\/1"}],"replies":[{"embeddable":true,"href":"https:\/\/psycho-therapy.co\/index.php\/wp-json\/wp\/v2\/comments?post=116"}],"version-history":[{"count":4,"href":"https:\/\/psycho-therapy.co\/index.php\/wp-json\/wp\/v2\/pages\/116\/revisions"}],"predecessor-version":[{"id":213,"href":"https:\/\/psycho-therapy.co\/index.php\/wp-json\/wp\/v2\/pages\/116\/revisions\/213"}],"wp:attachment":[{"href":"https:\/\/psycho-therapy.co\/index.php\/wp-json\/wp\/v2\/media?parent=116"}],"curies":[{"name":"wp","href":"https:\/\/api.w.org\/{rel}","templated":true}]}}