{"id":24,"date":"2024-07-18T20:42:05","date_gmt":"2024-07-18T18:42:05","guid":{"rendered":"https:\/\/psycho-therapy.co\/?page_id=24"},"modified":"2024-10-03T22:02:00","modified_gmt":"2024-10-03T20:02:00","slug":"arteterapia","status":"publish","type":"page","link":"https:\/\/psycho-therapy.co\/index.php\/pl\/arteterapia\/","title":{"rendered":"Arteterapia"},"content":{"rendered":"\n<div class=\"wp-block-columns is-layout-flex wp-container-core-columns-is-layout-1 wp-block-columns-is-layout-flex\">\n<div class=\"wp-block-column is-layout-flow wp-block-column-is-layout-flow\" style=\"flex-basis:33.33%\">\n<figure class=\"wp-block-image size-large\"><img loading=\"lazy\" decoding=\"async\" width=\"768\" height=\"1024\" src=\"https:\/\/psycho-therapy.co\/wp-content\/uploads\/2024\/10\/art-768x1024.jpg\" alt=\"\" class=\"wp-image-150\" srcset=\"https:\/\/psycho-therapy.co\/wp-content\/uploads\/2024\/10\/art-768x1024.jpg 768w, https:\/\/psycho-therapy.co\/wp-content\/uploads\/2024\/10\/art-225x300.jpg 225w, https:\/\/psycho-therapy.co\/wp-content\/uploads\/2024\/10\/art-1152x1536.jpg 1152w, https:\/\/psycho-therapy.co\/wp-content\/uploads\/2024\/10\/art-60x80.jpg 60w, https:\/\/psycho-therapy.co\/wp-content\/uploads\/2024\/10\/art.jpg 1536w\" sizes=\"(max-width: 768px) 100vw, 768px\" \/><\/figure>\n<\/div>\n\n\n\n<div class=\"wp-block-column is-layout-flow wp-block-column-is-layout-flow\" style=\"flex-basis:66.66%\">\n<p>Wielu klient\u00f3w do\u015bwiadczy\u0142o, \u017ce bycie kreatywnym pomaga w dobrym samopoczuciu.<\/p>\n\n\n\n<p>Bardzo cz\u0119sto jest to preferowany spos\u00f3b kontaktu przez dzieci. W tym przypadku wykorzystuj\u0119 techniki arteterapii, aby pom\u00f3c klientom przekaza\u0107 swoje my\u015bli i uczucia w inny spos\u00f3b ni\u017c tylko werbalnie.<\/p>\n\n\n\n<p>Aby wzi\u0105\u0107 udzia\u0142 w takiej sesji, nie musisz mie\u0107 \u017cadnych specjalnych umiej\u0119tno\u015bci artystycznych ani do\u015bwiadczenia.<\/p>\n<\/div>\n<\/div>\n\n\n\n<figure class=\"wp-block-gallery has-nested-images columns-default wp-block-gallery-1 is-layout-flex wp-block-gallery-is-layout-flex\">\n<figure class=\"wp-block-image size-medium\"><img loading=\"lazy\" decoding=\"async\" width=\"300\" height=\"212\" data-id=\"151\" src=\"https:\/\/psycho-therapy.co\/wp-content\/uploads\/2024\/10\/art2-300x212.jpg\" alt=\"\" class=\"wp-image-151\" srcset=\"https:\/\/psycho-therapy.co\/wp-content\/uploads\/2024\/10\/art2-300x212.jpg 300w, https:\/\/psycho-therapy.co\/wp-content\/uploads\/2024\/10\/art2-1024x724.jpg 1024w, https:\/\/psycho-therapy.co\/wp-content\/uploads\/2024\/10\/art2-768x543.jpg 768w, https:\/\/psycho-therapy.co\/wp-content\/uploads\/2024\/10\/art2-1536x1087.jpg 1536w, https:\/\/psycho-therapy.co\/wp-content\/uploads\/2024\/10\/art2-2048x1449.jpg 2048w, https:\/\/psycho-therapy.co\/wp-content\/uploads\/2024\/10\/art2-113x80.jpg 113w\" sizes=\"(max-width: 300px) 100vw, 300px\" \/><\/figure>\n\n\n\n<figure class=\"wp-block-image size-medium\"><img loading=\"lazy\" decoding=\"async\" width=\"212\" height=\"300\" data-id=\"153\" src=\"https:\/\/psycho-therapy.co\/wp-content\/uploads\/2024\/10\/art3-212x300.jpg\" alt=\"\" class=\"wp-image-153\" srcset=\"https:\/\/psycho-therapy.co\/wp-content\/uploads\/2024\/10\/art3-212x300.jpg 212w, https:\/\/psycho-therapy.co\/wp-content\/uploads\/2024\/10\/art3-724x1024.jpg 724w, https:\/\/psycho-therapy.co\/wp-content\/uploads\/2024\/10\/art3-768x1086.jpg 768w, https:\/\/psycho-therapy.co\/wp-content\/uploads\/2024\/10\/art3-1087x1536.jpg 1087w, https:\/\/psycho-therapy.co\/wp-content\/uploads\/2024\/10\/art3-57x80.jpg 57w, https:\/\/psycho-therapy.co\/wp-content\/uploads\/2024\/10\/art3.jpg 1170w\" sizes=\"(max-width: 212px) 100vw, 212px\" \/><\/figure>\n\n\n\n<figure class=\"wp-block-image size-medium\"><img loading=\"lazy\" decoding=\"async\" width=\"300\" height=\"212\" data-id=\"154\" src=\"https:\/\/psycho-therapy.co\/wp-content\/uploads\/2024\/10\/art4-300x212.jpg\" alt=\"\" class=\"wp-image-154\" srcset=\"https:\/\/psycho-therapy.co\/wp-content\/uploads\/2024\/10\/art4-300x212.jpg 300w, https:\/\/psycho-therapy.co\/wp-content\/uploads\/2024\/10\/art4-1024x724.jpg 1024w, https:\/\/psycho-therapy.co\/wp-content\/uploads\/2024\/10\/art4-768x543.jpg 768w, https:\/\/psycho-therapy.co\/wp-content\/uploads\/2024\/10\/art4-1536x1087.jpg 1536w, https:\/\/psycho-therapy.co\/wp-content\/uploads\/2024\/10\/art4-2048x1449.jpg 2048w, https:\/\/psycho-therapy.co\/wp-content\/uploads\/2024\/10\/art4-113x80.jpg 113w\" sizes=\"(max-width: 300px) 100vw, 300px\" \/><\/figure>\n<\/figure>\n\n\n\n<p class=\"has-small-font-size\"><em>* Zamieszczone zdj\u0119cia maj\u0105 wy\u0142\u0105cznie charakter pogl\u0105dowy i nie przedstawiaj\u0105 rzeczywistej pracy klienta.<\/em><\/p>\n\n\n\n<p><\/p>\n","protected":false},"excerpt":{"rendered":"<p>Wielu klient\u00f3w do\u015bwiadczy\u0142o, \u017ce bycie kreatywnym pomaga w dobrym samopoczuciu. Bardzo cz\u0119sto jest to preferowany spos\u00f3b kontaktu przez dzieci. W tym przypadku wykorzystuj\u0119 techniki arteterapii, aby pom\u00f3c klientom przekaza\u0107 swoje my\u015bli i uczucia w inny spos\u00f3b ni\u017c tylko werbalnie. Aby wzi\u0105\u0107 udzia\u0142 w takiej sesji, nie musisz mie\u0107 \u017cadnych specjalnych umiej\u0119tno\u015bci artystycznych ani do\u015bwiadczenia. * [&hellip;]<\/p>\n","protected":false},"author":1,"featured_media":0,"parent":0,"menu_order":0,"comment_status":"closed","ping_status":"closed","template":"template-full-width.php","meta":{"footnotes":""},"class_list":["post-24","page","type-page","status-publish","hentry"],"_links":{"self":[{"href":"https:\/\/psycho-therapy.co\/index.php\/wp-json\/wp\/v2\/pages\/24"}],"collection":[{"href":"https:\/\/psycho-therapy.co\/index.php\/wp-json\/wp\/v2\/pages"}],"about":[{"href":"https:\/\/psycho-therapy.co\/index.php\/wp-json\/wp\/v2\/types\/page"}],"author":[{"embeddable":true,"href":"https:\/\/psycho-therapy.co\/index.php\/wp-json\/wp\/v2\/users\/1"}],"replies":[{"embeddable":true,"href":"https:\/\/psycho-therapy.co\/index.php\/wp-json\/wp\/v2\/comments?post=24"}],"version-history":[{"count":4,"href":"https:\/\/psycho-therapy.co\/index.php\/wp-json\/wp\/v2\/pages\/24\/revisions"}],"predecessor-version":[{"id":157,"href":"https:\/\/psycho-therapy.co\/index.php\/wp-json\/wp\/v2\/pages\/24\/revisions\/157"}],"wp:attachment":[{"href":"https:\/\/psycho-therapy.co\/index.php\/wp-json\/wp\/v2\/media?parent=24"}],"curies":[{"name":"wp","href":"https:\/\/api.w.org\/{rel}","templated":true}]}}